{"id":9,"date":"2015-02-10T19:21:19","date_gmt":"2015-02-10T19:21:19","guid":{"rendered":"http:\/\/avada.theme-fusion.com_demos\/architecture\/?page_id=9"},"modified":"2017-10-02T09:28:27","modified_gmt":"2017-10-02T09:28:27","slug":"sobre-nos","status":"publish","type":"page","link":"https:\/\/vitalitycap.pt\/site\/sobre-nos\/","title":{"rendered":"Sobre N\u00f3s"},"content":{"rendered":"<p><div  class=\"fusion-fullwidth fullwidth-box fusion-blend-mode nonhundred-percent-fullwidth\"  style='background-color: rgba(255,255,255,0);background-position: left top;background-repeat: no-repeat;padding-top:100px;padding-right:0px;padding-bottom:100px;padding-left:0px;border-top-width:0px;border-bottom-width:0px;border-color:#eae9e9;border-top-style:solid;border-bottom-style:solid;'><div class=\"fusion-builder-row fusion-row \"><div  class=\"fusion-layout-column fusion_builder_column fusion_builder_column_1_2  fusion-one-half fusion-column-first 1_2\"  style='margin-top:0px;margin-bottom:20px;width:48%; margin-right: 4%;'>\n\t\t\t\t\t<div class=\"fusion-column-wrapper\" style=\"background-position:left top;background-repeat:no-repeat;-webkit-background-size:cover;-moz-background-size:cover;-o-background-size:cover;background-size:cover;\"  data-bg-url=\"\">\n\t\t\t\t\t\t<div class=\"fusion-title title fusion-sep-none fusion-title-size-one\" style=\"margin-top:0px;margin-bottom:30px;\"><h1 class=\"title-heading-left\"><span class=\"notranslate\"><\/p>\n<h2>VITALITYCAP<\/h2>\n<p><\/span><\/h1><\/div><h4>A terceira gera\u00e7\u00e3o de uma fam\u00edlia dedicada \u00e0 produ\u00e7\u00e3o de c\u00e1psulas, associada a uma cultura empresarial de evolu\u00e7\u00e3o e moderniza\u00e7\u00e3o tecnol\u00f3gica, garantem a oferta de solu\u00e7\u00f5es diferenciadoras capazes de ir ao encontro dos mais altos padr\u00f5es de exig\u00eancia.<\/h4>\n<h4>A <span class=\"notranslate\">Vitality Cap<\/span> apoia a sua estrat\u00e9gia no design, na tecnologia, na flexibilidade produtiva e na qualidade de oferta de valor final depositada nos seus produtos e disponibilizada aos seus clientes.<\/h4>\n<h4>Hoje, a nossa lista de clientes cobre a totalidade do territ\u00f3rio nacional e chega ainda a Espanha, Canad\u00e1, Inglaterra, Cuba, Brasil, etc.<\/h4>\n<div class=\"fusion-clearfix\"><\/div>\n\n\t\t\t\t\t<\/div>\n\t\t\t\t<\/div><div  class=\"fusion-layout-column fusion_builder_column fusion_builder_column_1_2  fusion-one-half fusion-column-last 1_2\"  style='margin-top:0px;margin-bottom:20px;width:48%'>\n\t\t\t\t\t<div class=\"fusion-column-wrapper\" style=\"background-position:left top;background-repeat:no-repeat;-webkit-background-size:cover;-moz-background-size:cover;-o-background-size:cover;background-size:cover;\"  data-bg-url=\"\">\n\t\t\t\t\t\t<div class=\"fusion-sep-clear\"><\/div><div class=\"fusion-separator fusion-full-width-sep sep-none\" style=\"margin-left: auto;margin-right: auto;margin-top:50px;margin-bottom:50px;\"><\/div><span class=\"fusion-imageframe imageframe-none imageframe-1 hover-type-zoomin fusion-animated\" data-animationType=\"fadeInDown\" data-animationDuration=\"1.0\" data-animationOffset=\"100%\"><a href=\"http:\/\/vitalitycap.pt\/site\/wp-content\/uploads\/sobre_nos.jpg\" class=\"fusion-lightbox\" data-rel=\"iLightbox[c3acc423dddbb6d8ab5]\"><img decoding=\"async\" src=\"http:\/\/vitalitycap.pt\/site\/wp-content\/uploads\/sobre_nos.jpg\" width=\"\" height=\"\" alt=\"\" class=\"img-responsive\"\/><\/a><\/span><div class=\"fusion-clearfix\"><\/div>\n\n\t\t\t\t\t<\/div>\n\t\t\t\t<\/div><\/div><\/div><div class=\"fusion-bg-parallax\"  data-bg-align=\"left top\" data-direction=\"up\" data-mute=\"false\" data-opacity=\"100\" data-velocity=\"-0.3\" data-mobile-enabled=\"false\" data-break_parents=\"0\" data-bg-image=\"http:\/\/vitalitycap.pt\/site\/wp-content\/uploads\/paixao-section-squashed.jpg\" data-bg-repeat=\"false\" data-bg-height=\"\" data-bg-width=\"\"><\/div><div  class=\"fusion-fullwidth fullwidth-box fusion-blend-mode fusion-parallax-up nonhundred-percent-fullwidth\"  style='background-color: rgba(255,255,255,0);background-image: url(\"http:\/\/vitalitycap.pt\/site\/wp-content\/uploads\/paixao-section-squashed.jpg\");background-position: left top;background-repeat: no-repeat;padding-top:100px;padding-right:0px;padding-bottom:100px;padding-left:0px;border-top-width:0px;border-bottom-width:0px;border-color:#eae9e9;border-top-style:solid;border-bottom-style:solid;-webkit-background-size:cover;-moz-background-size:cover;-o-background-size:cover;background-size:cover;background-attachment:up;'><div class=\"fusion-builder-row fusion-row \"><div  class=\"fusion-layout-column fusion_builder_column fusion_builder_column_1_1  fusion-one-full fusion-column-first fusion-column-last fusion-column-no-min-height 1_1\"  style='margin-top:0px;margin-bottom:0px;'>\n\t\t\t\t\t<div class=\"fusion-column-wrapper\" style=\"background-position:left top;background-repeat:no-repeat;-webkit-background-size:cover;-moz-background-size:cover;-o-background-size:cover;background-size:cover;\"  data-bg-url=\"\">\n\t\t\t\t\t\t<h2><span style=\"color: #ffffff;\">A NOSSA PAIX\u00c3O<\/span><\/h2>\n<h3><span style=\"color: #ffffff;\"><em>Desde vinhos internacionalmente premiados, a azeites com propriedades \u00fanicas no mundo,<\/p>\n<p>a nossa paix\u00e3o \u00e9 produzir o melhor, para os melhores!<\/em><\/span><\/h3>\n<div class=\"fusion-sep-clear\"><\/div><div class=\"fusion-separator fusion-full-width-sep sep-none\" style=\"margin-left: auto;margin-right: auto;margin-top:60px;\"><\/div><div class=\"fusion-clearfix\"><\/div>\n\n\t\t\t\t\t<\/div>\n\t\t\t\t<\/div><\/div><\/div><div  class=\"fusion-fullwidth fullwidth-box fusion-blend-mode nonhundred-percent-fullwidth\"  style='background-color: rgba(255,255,255,0);background-position: left top;background-repeat: no-repeat;padding-top:100px;padding-right:0px;padding-bottom:30px;padding-left:0px;border-top-width:0px;border-bottom-width:0px;border-color:#eae9e9;border-top-style:solid;border-bottom-style:solid;'><div class=\"fusion-builder-row fusion-row \"><div  class=\"fusion-layout-column fusion_builder_column fusion_builder_column_1_3  fusion-one-third fusion-column-first 1_3\"  style='margin-top:0px;margin-bottom:0px;width:30.6666%; margin-right: 4%;'>\n\t\t\t\t\t<div class=\"fusion-column-wrapper\" style=\"border-right:3px solid #e0dede;background-position:right center;background-repeat:no-repeat;-webkit-background-size:cover;-moz-background-size:cover;-o-background-size:cover;background-size:cover;\"  data-bg-url=\"\">\n\t\t\t\t\t\t<h2>O NOSSO PROCESSO<br \/>\n3 ETAPAS<\/h2>\n<div class=\"fusion-clearfix\"><\/div>\n\n\t\t\t\t\t<\/div>\n\t\t\t\t<\/div><div  class=\"fusion-layout-column fusion_builder_column fusion_builder_column_2_3  fusion-two-third fusion-column-last 2_3\"  style='margin-top:0px;margin-bottom:100px;width:65.3333%'>\n\t\t\t\t\t<div class=\"fusion-column-wrapper\" style=\"background-position:left top;background-repeat:no-repeat;-webkit-background-size:cover;-moz-background-size:cover;-o-background-size:cover;background-size:cover;\"  data-bg-url=\"\">\n\t\t\t\t\t\t<h3><em>Sem complica\u00e7\u00f5es,<br \/>\n<\/em><em>um processo simples,<br \/>\nr\u00e1pido, eficaz<br \/>\ne acima de tudo completo!<\/em><\/h3>\n<div class=\"fusion-clearfix\"><\/div>\n\n\t\t\t\t\t<\/div>\n\t\t\t\t<\/div><\/div><\/div><div  class=\"fusion-fullwidth fullwidth-box fusion-blend-mode nonhundred-percent-fullwidth fusion-equal-height-columns\"  style='background-color: rgba(255,255,255,0);background-position: left top;background-repeat: no-repeat;padding-top:35px;padding-right:0px;padding-bottom:100px;padding-left:0px;border-top-width:0px;border-bottom-width:0px;border-color:#eae9e9;border-top-style:solid;border-bottom-style:solid;'><div class=\"fusion-builder-row fusion-row \"><div  class=\"fusion-layout-column fusion_builder_column fusion_builder_column_1_3  fusion-one-third fusion-column-first 1_3\"  style='margin-top:0px;margin-bottom:40px;width:30.6666%; margin-right: 4%;'>\n\t\t\t\t\t<div class=\"fusion-column-wrapper\" style=\"background-color:#f8f8f8;background-position:left top;background-repeat:no-repeat;-webkit-background-size:cover;-moz-background-size:cover;-o-background-size:cover;background-size:cover;\"  data-bg-url=\"\">\n\t\t\t\t\t\t<div class=\"imageframe-align-center\"><span class=\"fusion-imageframe imageframe-none imageframe-2 hover-type-zoomin\"><a href=\"http:\/\/vitalitycap.pt\/site\/wp-content\/uploads\/avaliar-squashed.jpg\" class=\"fusion-lightbox\" data-rel=\"iLightbox[6fdcb8b10f0c0f90cc3]\"><img decoding=\"async\" src=\"http:\/\/vitalitycap.pt\/site\/wp-content\/uploads\/avaliar-squashed.jpg\" width=\"\" height=\"\" alt=\"\" class=\"img-responsive\"\/><\/a><\/span><\/div><div style=\"padding: 25px;\">\n<h4>AVALIAR E OR\u00c7AMENTAR<\/h4>\n<p class=\"p1\"><span class=\"s1\">Avalia\u00e7\u00e3o de necessidades do projeto e <\/span><span class=\"s1\">apresenta\u00e7\u00e3o de proposta.<\/span><\/p>\n<\/div>\n<div class=\"fusion-clearfix\"><\/div>\n\n\t\t\t\t\t<\/div>\n\t\t\t\t<\/div><div  class=\"fusion-layout-column fusion_builder_column fusion_builder_column_1_3  fusion-one-third 1_3\"  style='margin-top:0px;margin-bottom:40px;width:30.6666%; margin-right: 4%;'>\n\t\t\t\t\t<div class=\"fusion-column-wrapper\" style=\"background-color:#f8f8f8;background-position:left top;background-repeat:no-repeat;-webkit-background-size:cover;-moz-background-size:cover;-o-background-size:cover;background-size:cover;\"  data-bg-url=\"\">\n\t\t\t\t\t\t<div class=\"imageframe-align-center\"><span class=\"fusion-imageframe imageframe-none imageframe-3 hover-type-zoomin\"><a href=\"http:\/\/vitalitycap.pt\/site\/wp-content\/uploads\/desenhar-squashed.jpg\" class=\"fusion-lightbox\" data-rel=\"iLightbox[f7863221c6a8e7b8a91]\"><img decoding=\"async\" src=\"http:\/\/vitalitycap.pt\/site\/wp-content\/uploads\/desenhar-squashed.jpg\" width=\"\" height=\"\" alt=\"\" class=\"img-responsive\"\/><\/a><\/span><\/div><div style=\"padding: 25px;\">\n<h4>DESENHAR &amp; DESENVOLVER<\/h4>\n<p class=\"p1\"><span class=\"s1\">Elaboramos fichas t\u00e9cnicas, ordens\u00a0<\/span><span class=\"s1\">de produ\u00e7\u00e3o e pintura para que o resultado seja rigoroso<\/span>.<\/p>\n<\/div>\n<div class=\"fusion-clearfix\"><\/div>\n\n\t\t\t\t\t<\/div>\n\t\t\t\t<\/div><div  class=\"fusion-layout-column fusion_builder_column fusion_builder_column_1_3  fusion-one-third fusion-column-last 1_3\"  style='margin-top:0px;margin-bottom:20px;width:30.6666%'>\n\t\t\t\t\t<div class=\"fusion-column-wrapper\" style=\"background-color:#f8f8f8;background-position:left top;background-repeat:no-repeat;-webkit-background-size:cover;-moz-background-size:cover;-o-background-size:cover;background-size:cover;\"  data-bg-url=\"\">\n\t\t\t\t\t\t<div class=\"imageframe-align-center\"><span class=\"fusion-imageframe imageframe-none imageframe-4 hover-type-zoomin\"><a href=\"http:\/\/vitalitycap.pt\/site\/wp-content\/uploads\/testar-entregar-squashed.jpg\" class=\"fusion-lightbox\" data-rel=\"iLightbox[5e54b6b63d356b19168]\"><img decoding=\"async\" src=\"http:\/\/vitalitycap.pt\/site\/wp-content\/uploads\/testar-entregar-squashed.jpg\" width=\"\" height=\"\" alt=\"\" class=\"img-responsive\"\/><\/a><\/span><\/div><div style=\"padding: 25px;\">\n<h4>TESTAR &amp; ENTREGAR<\/h4>\n<p class=\"p1\"><span class=\"s1\">Produzimos, <\/span><span class=\"s1\">testamos a qualidade <\/span><span class=\"s1\">e entregamos <\/span><span class=\"s1\">sempre na data planeada<\/span>.<\/p>\n<\/div>\n<div class=\"fusion-clearfix\"><\/div>\n\n\t\t\t\t\t<\/div>\n\t\t\t\t<\/div><\/div><\/div><\/p>\n","protected":false},"excerpt":{"rendered":"","protected":false},"author":1,"featured_media":0,"parent":0,"menu_order":0,"comment_status":"closed","ping_status":"closed","template":"100-width.php","meta":{"footnotes":""},"class_list":["post-9","page","type-page","status-publish","hentry"],"_links":{"self":[{"href":"https:\/\/vitalitycap.pt\/site\/wp-json\/wp\/v2\/pages\/9","targetHints":{"allow":["GET"]}}],"collection":[{"href":"https:\/\/vitalitycap.pt\/site\/wp-json\/wp\/v2\/pages"}],"about":[{"href":"https:\/\/vitalitycap.pt\/site\/wp-json\/wp\/v2\/types\/page"}],"author":[{"embeddable":true,"href":"https:\/\/vitalitycap.pt\/site\/wp-json\/wp\/v2\/users\/1"}],"replies":[{"embeddable":true,"href":"https:\/\/vitalitycap.pt\/site\/wp-json\/wp\/v2\/comments?post=9"}],"version-history":[{"count":26,"href":"https:\/\/vitalitycap.pt\/site\/wp-json\/wp\/v2\/pages\/9\/revisions"}],"predecessor-version":[{"id":1051,"href":"https:\/\/vitalitycap.pt\/site\/wp-json\/wp\/v2\/pages\/9\/revisions\/1051"}],"wp:attachment":[{"href":"https:\/\/vitalitycap.pt\/site\/wp-json\/wp\/v2\/media?parent=9"}],"curies":[{"name":"wp","href":"https:\/\/api.w.org\/{rel}","templated":true}]}}