{"id":645,"date":"2015-07-01T01:47:46","date_gmt":"2015-07-01T01:47:46","guid":{"rendered":"http:\/\/vitalitycap.pt\/site\/?page_id=645"},"modified":"2017-08-12T23:37:34","modified_gmt":"2017-08-12T23:37:34","slug":"capsulas-gpl","status":"publish","type":"page","link":"https:\/\/vitalitycap.pt\/site\/capsulas-gpl\/","title":{"rendered":"C\u00e1psulas GPL"},"content":{"rendered":"<p><div class=\"fusion-bg-parallax\"  data-bg-align=\"left center\" data-direction=\"up\" data-mute=\"false\" data-opacity=\"100\" data-velocity=\"-0.3\" data-mobile-enabled=\"false\" data-break_parents=\"0\" data-bg-image=\"http:\/\/vitalitycap.pt\/site\/wp-content\/uploads\/gpl-section-squashed.jpg\" data-bg-repeat=\"false\" data-bg-height=\"\" data-bg-width=\"\"><\/div><div  class=\"fusion-fullwidth fullwidth-box fusion-blend-mode fusion-parallax-up nonhundred-percent-fullwidth\"  style='background-color: rgba(255,255,255,0);background-image: url(\"http:\/\/vitalitycap.pt\/site\/wp-content\/uploads\/gpl-section-squashed.jpg\");background-position: left center;background-repeat: no-repeat;padding-top:130px;padding-right:0px;padding-bottom:120px;padding-left:0px;border-top-width:0px;border-bottom-width:0px;border-color:#eae9e9;border-top-style:solid;border-bottom-style:solid;-webkit-background-size:cover;-moz-background-size:cover;-o-background-size:cover;background-size:cover;background-attachment:up;'><div class=\"fusion-builder-row fusion-row \"><div  class=\"fusion-layout-column fusion_builder_column fusion_builder_column_1_2  fusion-one-half fusion-column-first 1_2\"  style='margin-top:0px;margin-bottom:20px;width:48%; margin-right: 4%;'>\n\t\t\t\t\t<div class=\"fusion-column-wrapper\" style=\"background-position:left top;background-repeat:no-repeat;-webkit-background-size:cover;-moz-background-size:cover;-o-background-size:cover;background-size:cover;\"  data-bg-url=\"\">\n\t\t\t\t\t\t<h2><span style=\"color: #ffffff;\">C\u00c1PSULAS PARA GPL<\/span><\/h2>\n<h3><span style=\"color: #ffffff;\">GA\u0301S, OXIGE\u0301NIO INDUSTRIAL E MEDICINAL, GASES INERTES E GA\u0301S ACETILENO<\/span><\/h3>\n<p><span style=\"color: #ffffff;\">Para garantir a maior protec\u0327a\u0303o e a inviolabilidade do produto e\u0301 utilizado um PVC com elevada capacidade de retrac\u0327a\u0303o por vapor ou ar quente. Para total seguranc\u0327a, os topos podem ainda ser reforc\u0327ados com protec\u0327a\u0303o pla\u0301stica interior.<\/span><\/p>\n<div class=\"fusion-sep-clear\"><\/div><div class=\"fusion-separator fusion-full-width-sep sep-none\" style=\"margin-left: auto;margin-right: auto;margin-top:20px;\"><\/div><div class=\"fusion-button-wrapper\"><style type=\"text\/css\" scoped=\"scoped\">.fusion-button.button-1 .fusion-button-text, .fusion-button.button-1 i {color:rgba(255,255,255,.75);}.fusion-button.button-1 {border-width:1px;border-color:rgba(255,255,255,.75);}.fusion-button.button-1 .fusion-button-icon-divider{border-color:rgba(255,255,255,.75);}.fusion-button.button-1:hover .fusion-button-text, .fusion-button.button-1:hover i,.fusion-button.button-1:focus .fusion-button-text, .fusion-button.button-1:focus i,.fusion-button.button-1:active .fusion-button-text, .fusion-button.button-1:active{color:rgba(255,255,255,.9);}.fusion-button.button-1:hover, .fusion-button.button-1:focus, .fusion-button.button-1:active{border-width:1px;border-color:rgba(255,255,255,.9);}.fusion-button.button-1:hover .fusion-button-icon-divider, .fusion-button.button-1:hover .fusion-button-icon-divider, .fusion-button.button-1:active .fusion-button-icon-divider{border-color:rgba(255,255,255,.9);}.fusion-button.button-1{width:auto;}<\/style><a class=\"fusion-button button-flat fusion-button-square button-xlarge button-default button-1\" target=\"_self\" href=\"http:\/\/vitalitycap.pt\/site\/contacte-nos\/\"><span class=\"fusion-button-text\">CONTACTE-NOS<\/span><\/a><\/div><div class=\"fusion-clearfix\"><\/div>\n\n\t\t\t\t\t<\/div>\n\t\t\t\t<\/div><div  class=\"fusion-layout-column fusion_builder_column fusion_builder_column_1_2  fusion-one-half fusion-column-last 1_2\"  style='margin-top:0px;margin-bottom:20px;width:48%'>\n\t\t\t\t\t<div class=\"fusion-column-wrapper\" style=\"background-position:left top;background-repeat:no-repeat;-webkit-background-size:cover;-moz-background-size:cover;-o-background-size:cover;background-size:cover;\"  data-bg-url=\"\">\n\t\t\t\t\t\t<div class=\"fusion-clearfix\"><\/div>\n\n\t\t\t\t\t<\/div>\n\t\t\t\t<\/div><\/div><\/div><div  class=\"fusion-fullwidth fullwidth-box fusion-blend-mode nonhundred-percent-fullwidth\"  style='background-color: rgba(255,255,255,0);background-position: left top;background-repeat: no-repeat;padding-top:130px;padding-right:0px;padding-bottom:130px;padding-left:0px;border-top-width:0px;border-bottom-width:0px;border-color:#eae9e9;border-top-style:solid;border-bottom-style:solid;'><div class=\"fusion-builder-row fusion-row \"><div  class=\"fusion-layout-column fusion_builder_column fusion_builder_column_1_3  fusion-one-third fusion-column-first 1_3\"  style='margin-top:0px;margin-bottom:20px;width:30.6666%; margin-right: 4%;'>\n\t\t\t\t\t<div class=\"fusion-column-wrapper\" style=\"background-position:left top;background-repeat:no-repeat;-webkit-background-size:cover;-moz-background-size:cover;-o-background-size:cover;background-size:cover;\"  data-bg-url=\"\">\n\t\t\t\t\t\t<h2>SEGURAN\u00c7A<\/h2>\n<div class=\"fusion-sep-clear\"><\/div><div class=\"fusion-separator sep-single sep-solid\" style=\"border-color:#e2e3e8;border-top-width:3px;margin-top:0px;margin-bottom:35px;width:100%;max-width:170px;\"><\/div><h3><em>C\u00e1psulas GPL (G\u00e1s de Petr\u00f3leo Liquefeito) s\u00e3o c\u00e1psulas de garantia constitu\u00eddas por corpo em policloreto de vinil (PVC) e podem ou n\u00e3o incorporar no seu topo um disco em alum\u00ednio ou PVC, ou uma tampa de prote\u00e7\u00e3o pl\u00e1stica.<\/em><\/h3>\n<div class=\"fusion-clearfix\"><\/div>\n\n\t\t\t\t\t<\/div>\n\t\t\t\t<\/div><div  class=\"fusion-layout-column fusion_builder_column fusion_builder_column_2_3  fusion-two-third fusion-column-last 2_3\"  style='margin-top:0px;margin-bottom:20px;width:65.3333%'>\n\t\t\t\t\t<div class=\"fusion-column-wrapper\" style=\"background-position:left top;background-repeat:no-repeat;-webkit-background-size:cover;-moz-background-size:cover;-o-background-size:cover;background-size:cover;\"  data-bg-url=\"\">\n\t\t\t\t\t\t<span class=\"fusion-imageframe imageframe-none imageframe-1 hover-type-zoomin fusion-animated\" data-animationType=\"fadeInDown\" data-animationDuration=\"1.0\" data-animationOffset=\"100%\"><a href=\"http:\/\/vitalitycap.pt\/site\/wp-content\/uploads\/gpl-dados-squashed.jpg\" class=\"fusion-lightbox\" data-rel=\"iLightbox[08a8b2b6618e59e72ad]\"><img decoding=\"async\" src=\"http:\/\/vitalitycap.pt\/site\/wp-content\/uploads\/gpl-dados-squashed.jpg\" width=\"\" height=\"\" alt=\"\" class=\"img-responsive\"\/><\/a><\/span><div class=\"fusion-clearfix\"><\/div>\n\n\t\t\t\t\t<\/div>\n\t\t\t\t<\/div><\/div><\/div><\/p>\n","protected":false},"excerpt":{"rendered":"","protected":false},"author":1,"featured_media":0,"parent":0,"menu_order":0,"comment_status":"closed","ping_status":"closed","template":"100-width.php","meta":{"footnotes":""},"class_list":["post-645","page","type-page","status-publish","hentry"],"_links":{"self":[{"href":"https:\/\/vitalitycap.pt\/site\/wp-json\/wp\/v2\/pages\/645","targetHints":{"allow":["GET"]}}],"collection":[{"href":"https:\/\/vitalitycap.pt\/site\/wp-json\/wp\/v2\/pages"}],"about":[{"href":"https:\/\/vitalitycap.pt\/site\/wp-json\/wp\/v2\/types\/page"}],"author":[{"embeddable":true,"href":"https:\/\/vitalitycap.pt\/site\/wp-json\/wp\/v2\/users\/1"}],"replies":[{"embeddable":true,"href":"https:\/\/vitalitycap.pt\/site\/wp-json\/wp\/v2\/comments?post=645"}],"version-history":[{"count":5,"href":"https:\/\/vitalitycap.pt\/site\/wp-json\/wp\/v2\/pages\/645\/revisions"}],"predecessor-version":[{"id":959,"href":"https:\/\/vitalitycap.pt\/site\/wp-json\/wp\/v2\/pages\/645\/revisions\/959"}],"wp:attachment":[{"href":"https:\/\/vitalitycap.pt\/site\/wp-json\/wp\/v2\/media?parent=645"}],"curies":[{"name":"wp","href":"https:\/\/api.w.org\/{rel}","templated":true}]}}