{"id":641,"date":"2015-07-01T01:47:10","date_gmt":"2015-07-01T01:47:10","guid":{"rendered":"http:\/\/vitalitycap.pt\/site\/?page_id=641"},"modified":"2017-08-11T00:17:58","modified_gmt":"2017-08-11T00:17:58","slug":"capsulas-espumante","status":"publish","type":"page","link":"https:\/\/vitalitycap.pt\/site\/capsulas-espumante\/","title":{"rendered":"C\u00e1psulas Espumante"},"content":{"rendered":"<p><div class=\"fusion-bg-parallax\"  data-bg-align=\"left center\" data-direction=\"up\" data-mute=\"false\" data-opacity=\"100\" data-velocity=\"-0.3\" data-mobile-enabled=\"false\" data-break_parents=\"0\" data-bg-image=\"http:\/\/vitalitycap.pt\/site\/wp-content\/uploads\/espumante-section-squashed.jpg\" data-bg-repeat=\"false\" data-bg-height=\"\" data-bg-width=\"\"><\/div><div  class=\"fusion-fullwidth fullwidth-box fusion-blend-mode fusion-parallax-up nonhundred-percent-fullwidth\"  style='background-color: rgba(255,255,255,0);background-image: url(\"http:\/\/vitalitycap.pt\/site\/wp-content\/uploads\/espumante-section-squashed.jpg\");background-position: left center;background-repeat: no-repeat;padding-top:130px;padding-right:0px;padding-bottom:120px;padding-left:0px;border-top-width:0px;border-bottom-width:0px;border-color:#eae9e9;border-top-style:solid;border-bottom-style:solid;-webkit-background-size:cover;-moz-background-size:cover;-o-background-size:cover;background-size:cover;background-attachment:up;'><div class=\"fusion-builder-row fusion-row \"><div  class=\"fusion-layout-column fusion_builder_column fusion_builder_column_1_2  fusion-one-half fusion-column-first 1_2\"  style='margin-top:0px;margin-bottom:20px;width:48%; margin-right: 4%;'>\n\t\t\t\t\t<div class=\"fusion-column-wrapper\" style=\"background-position:left top;background-repeat:no-repeat;-webkit-background-size:cover;-moz-background-size:cover;-o-background-size:cover;background-size:cover;\"  data-bg-url=\"\">\n\t\t\t\t\t\t<h2><span style=\"color: #ffffff;\">C\u00c1PSULAS DE ESPUMANTE<\/span><\/h2>\n<h3><span style=\"color: #ffffff;\">ESPUMANTES<\/span><\/h3>\n<p><span style=\"color: #ffffff;\">Destinada a um produto de requinte e de festa, usamos a melhor tecnologia para obter uma ca\u0301psula de alumi\u0301nio ou alumi\u0301nio complexo e com topo em alumi\u0301nio.<\/span><\/p>\n<div class=\"fusion-sep-clear\"><\/div><div class=\"fusion-separator fusion-full-width-sep sep-none\" style=\"margin-left: auto;margin-right: auto;margin-top:20px;\"><\/div><div class=\"fusion-button-wrapper\"><style type=\"text\/css\" scoped=\"scoped\">.fusion-button.button-1 .fusion-button-text, .fusion-button.button-1 i {color:rgba(255,255,255,.75);}.fusion-button.button-1 {border-width:1px;border-color:rgba(255,255,255,.75);}.fusion-button.button-1 .fusion-button-icon-divider{border-color:rgba(255,255,255,.75);}.fusion-button.button-1:hover .fusion-button-text, .fusion-button.button-1:hover i,.fusion-button.button-1:focus .fusion-button-text, .fusion-button.button-1:focus i,.fusion-button.button-1:active .fusion-button-text, .fusion-button.button-1:active{color:rgba(255,255,255,.9);}.fusion-button.button-1:hover, .fusion-button.button-1:focus, .fusion-button.button-1:active{border-width:1px;border-color:rgba(255,255,255,.9);}.fusion-button.button-1:hover .fusion-button-icon-divider, .fusion-button.button-1:hover .fusion-button-icon-divider, .fusion-button.button-1:active .fusion-button-icon-divider{border-color:rgba(255,255,255,.9);}.fusion-button.button-1{width:auto;}<\/style><a class=\"fusion-button button-flat fusion-button-square button-xlarge button-default button-1\" target=\"_self\" href=\"http:\/\/vitalitycap.pt\/site\/contacte-nos\/\"><span class=\"fusion-button-text\">CONTACTE-NOS<\/span><\/a><\/div><div class=\"fusion-clearfix\"><\/div>\n\n\t\t\t\t\t<\/div>\n\t\t\t\t<\/div><div  class=\"fusion-layout-column fusion_builder_column fusion_builder_column_1_2  fusion-one-half fusion-column-last 1_2\"  style='margin-top:0px;margin-bottom:20px;width:48%'>\n\t\t\t\t\t<div class=\"fusion-column-wrapper\" style=\"background-position:left top;background-repeat:no-repeat;-webkit-background-size:cover;-moz-background-size:cover;-o-background-size:cover;background-size:cover;\"  data-bg-url=\"\">\n\t\t\t\t\t\t<div class=\"fusion-clearfix\"><\/div>\n\n\t\t\t\t\t<\/div>\n\t\t\t\t<\/div><\/div><\/div><div  class=\"fusion-fullwidth fullwidth-box fusion-blend-mode nonhundred-percent-fullwidth\"  style='background-color: rgba(255,255,255,0);background-position: left top;background-repeat: no-repeat;padding-top:130px;padding-right:0px;padding-bottom:130px;padding-left:0px;border-top-width:0px;border-bottom-width:0px;border-color:#eae9e9;border-top-style:solid;border-bottom-style:solid;'><div class=\"fusion-builder-row fusion-row \"><div  class=\"fusion-layout-column fusion_builder_column fusion_builder_column_1_3  fusion-one-third fusion-column-first 1_3\"  style='margin-top:0px;margin-bottom:20px;width:30.6666%; margin-right: 4%;'>\n\t\t\t\t\t<div class=\"fusion-column-wrapper\" style=\"background-position:left top;background-repeat:no-repeat;-webkit-background-size:cover;-moz-background-size:cover;-o-background-size:cover;background-size:cover;\"  data-bg-url=\"\">\n\t\t\t\t\t\t<h2>REQUINTE<\/h2>\n<div class=\"fusion-sep-clear\"><\/div><div class=\"fusion-separator sep-single sep-solid\" style=\"border-color:#e2e3e8;border-top-width:3px;margin-top:0px;margin-bottom:35px;width:100%;max-width:170px;\"><\/div><h3><em>C\u00e1psulas de garantia fabricadas a partir de alum\u00ednio ou alum\u00ednio complexo. O alum\u00ednio complexo \u00e9 um laminado constitu\u00eddo por uma pel\u00edcula de polietileno entre duas de alum\u00ednio.<\/em><\/h3>\n<div class=\"fusion-clearfix\"><\/div>\n\n\t\t\t\t\t<\/div>\n\t\t\t\t<\/div><div  class=\"fusion-layout-column fusion_builder_column fusion_builder_column_2_3  fusion-two-third fusion-column-last 2_3\"  style='margin-top:0px;margin-bottom:20px;width:65.3333%'>\n\t\t\t\t\t<div class=\"fusion-column-wrapper\" style=\"background-position:left top;background-repeat:no-repeat;-webkit-background-size:cover;-moz-background-size:cover;-o-background-size:cover;background-size:cover;\"  data-bg-url=\"\">\n\t\t\t\t\t\t<span class=\"fusion-imageframe imageframe-none imageframe-1 hover-type-zoomin fusion-animated\" data-animationType=\"fadeInDown\" data-animationDuration=\"1.0\" data-animationOffset=\"100%\"><a href=\"http:\/\/vitalitycap.pt\/site\/wp-content\/uploads\/espumantes-dados-squashed.jpg\" class=\"fusion-lightbox\" data-rel=\"iLightbox[13053e9f9a5a5e31f53]\"><img decoding=\"async\" src=\"http:\/\/vitalitycap.pt\/site\/wp-content\/uploads\/espumantes-dados-squashed.jpg\" width=\"\" height=\"\" alt=\"\" class=\"img-responsive\"\/><\/a><\/span><div class=\"fusion-clearfix\"><\/div>\n\n\t\t\t\t\t<\/div>\n\t\t\t\t<\/div><\/div><\/div><\/p>\n","protected":false},"excerpt":{"rendered":"","protected":false},"author":1,"featured_media":0,"parent":0,"menu_order":0,"comment_status":"closed","ping_status":"closed","template":"100-width.php","meta":{"footnotes":""},"class_list":["post-641","page","type-page","status-publish","hentry"],"_links":{"self":[{"href":"https:\/\/vitalitycap.pt\/site\/wp-json\/wp\/v2\/pages\/641","targetHints":{"allow":["GET"]}}],"collection":[{"href":"https:\/\/vitalitycap.pt\/site\/wp-json\/wp\/v2\/pages"}],"about":[{"href":"https:\/\/vitalitycap.pt\/site\/wp-json\/wp\/v2\/types\/page"}],"author":[{"embeddable":true,"href":"https:\/\/vitalitycap.pt\/site\/wp-json\/wp\/v2\/users\/1"}],"replies":[{"embeddable":true,"href":"https:\/\/vitalitycap.pt\/site\/wp-json\/wp\/v2\/comments?post=641"}],"version-history":[{"count":4,"href":"https:\/\/vitalitycap.pt\/site\/wp-json\/wp\/v2\/pages\/641\/revisions"}],"predecessor-version":[{"id":882,"href":"https:\/\/vitalitycap.pt\/site\/wp-json\/wp\/v2\/pages\/641\/revisions\/882"}],"wp:attachment":[{"href":"https:\/\/vitalitycap.pt\/site\/wp-json\/wp\/v2\/media?parent=641"}],"curies":[{"name":"wp","href":"https:\/\/api.w.org\/{rel}","templated":true}]}}