{"id":1043,"date":"2017-08-21T18:40:11","date_gmt":"2017-08-21T18:40:11","guid":{"rendered":"http:\/\/vitalitycap.pt\/site\/cookie-policy\/"},"modified":"2017-08-21T18:48:28","modified_gmt":"2017-08-21T18:48:28","slug":"politica-de-cookies","status":"publish","type":"page","link":"https:\/\/vitalitycap.pt\/site\/politica-de-cookies\/","title":{"rendered":"Pol\u00edtica de Cookies"},"content":{"rendered":"<p dir=\"ltr\">Para saber o que s\u00e3o cookies e como s\u00e3o usados no nosso site, por favor, leia esta pol\u00edtica de cookies. Se quiser desactivar os cookies neste dispositivo, por favor, leia a informa\u00e7\u00e3o sobre \u201cComo gerir os cookies\u201d. Optando pela desactiva\u00e7\u00e3o, algumas partes do nosso site poder\u00e3o n\u00e3o funcionar correctamente.<\/p>\n<h2 dir=\"ltr\">Pol\u00edtica de Cookies<\/h2>\n<p dir=\"ltr\">Os cookies s\u00e3o utilizados em todo o nosso site \u2014 vitalitycap.pt \u2014 para melhorar o desempenho e a sua experi\u00eancia como utilizador.<\/p>\n<h4 dir=\"ltr\">O que s\u00e3o cookies<\/h4>\n<p dir=\"ltr\">Os cookies s\u00e3o pequenos ficheiros de texto que um site, ao ser visitado pelo utilizador, coloca no seu computador ou no seu dispositivo m\u00f3vel atrav\u00e9s do browser. A coloca\u00e7\u00e3o de cookies ajudar\u00e1 o site a reconhecer o seu dispositivo na pr\u00f3xima vez que o utilizador o visita, retendo apenas informa\u00e7\u00e3o relacionada com as prefer\u00eancias do utilizador, n\u00e3o incluindo como tal, os seus dados pessoais.<\/p>\n<h4 dir=\"ltr\">Para que servem os cookies<\/h4>\n<p dir=\"ltr\">Os cookies s\u00e3o utilizados para ajudar a determinar a utilidade, interesse e o n\u00famero de utiliza\u00e7\u00f5es dos sites, permitindo maior rapidez e efici\u00eancia na navega\u00e7\u00e3o, eliminando a necessidade de introduzir, repetidamente, as mesmas informa\u00e7\u00f5es.<\/p>\n<h4 dir=\"ltr\">Que tipo de cookies utilizamos<\/h4>\n<p dir=\"ltr\">Cookies estritamente necess\u00e1rios: Permitem que os utilizadores naveguem no site e utilizem as suas aplica\u00e7\u00f5es, bem como aceder a \u00e1reas seguras do site. Sem estes cookies os servi\u00e7os que tenha requerido n\u00e3o podem ser prestados.<\/p>\n<p dir=\"ltr\"><strong>Cookies anal\u00edticos<\/strong>: S\u00e3o utilizados para efeitos de cria\u00e7\u00e3o e an\u00e1lise de estat\u00edsticas, no sentido de melhorar o funcionamento de cada site.<\/p>\n<p dir=\"ltr\"><strong>Cookies de funcionalidade<\/strong>: Guardam as prefer\u00eancias do utilizador relativamente \u00e0 utiliza\u00e7\u00e3o do site, de forma que n\u00e3o seja necess\u00e1rio voltar a configurar o site cada vez que o visita. Evitam, por exemplo, introduzir nomes de utilizador de cada vez que se acede ao mesmo.<\/p>\n<p dir=\"ltr\"><strong>Cookies de terceiros<\/strong>: Medem o sucesso de aplica\u00e7\u00f5es e a efic\u00e1cia da publicidade de terceiros.<\/p>\n<p dir=\"ltr\"><strong>Cookies de publicidade<\/strong>: Direccionam a publicidade em fun\u00e7\u00e3o dos interesses de cada utilizador, limitando, nomeadamente, a quantidade de vezes que v\u00ea um an\u00fancio, ajudando a medir a efic\u00e1cia da publicidade e o sucesso da organiza\u00e7\u00e3o do Website.<\/p>\n<p dir=\"ltr\">Estes tipos de cookies utilizados podem ser:<\/p>\n<p dir=\"ltr\"><strong>Cookies permanentes<\/strong>: S\u00e3o aqueles que ficam armazenados ao n\u00edvel do browser nos equipamentos de acesso, como os PCs, Smartphones e Tablets, e s\u00e3o utilizados sempre que se faz uma nova visita ao nosso site. Por norma, s\u00e3o utilizados para direccionar a navega\u00e7\u00e3o aos interesses do utilizador.<\/p>\n<p dir=\"ltr\"><strong>Cookies de sess\u00e3o<\/strong>: S\u00e3o os chamados cookies tempor\u00e1rios que permanecem no arquivo de cookies do browser at\u00e9 sair do site. A informa\u00e7\u00e3o obtida por estes cookies serve para analisar padr\u00f5es de tr\u00e1fego na Web, que nos permitem identificar problemas e fornecer uma melhor experi\u00eancia de navega\u00e7\u00e3o ao utilizador.<\/p>\n<h4 dir=\"ltr\">Como gerir cookies<\/h4>\n<p dir=\"ltr\">Todos os browsers permitem ao utilizador aceitar, recusar ou apagar cookies, atrav\u00e9s das defini\u00e7\u00f5es do respectivo navegador.<\/p>\n<p dir=\"ltr\">De notar que, ao desactivar os cookies, alguns servi\u00e7os podem deixar de funcionar correctamente, afectando de forma parcial ou mesmo total a navega\u00e7\u00e3o no nosso site.<\/p>\n<p dir=\"ltr\"><strong>Internet Explorer<\/strong><\/p>\n<p dir=\"ltr\">1) Clique no menu \u201cFerramentas\u201d e escolha a op\u00e7\u00e3o \u201cOp\u00e7\u00f5es de Internet\u201d;<\/p>\n<p dir=\"ltr\">2) Seleccione o separador \u201cPrivacidade\u201d;<\/p>\n<p dir=\"ltr\">3) Mova a barra para o topo, onde surgir\u00e1 \u201cBloquear todos os cookies\u201d.<\/p>\n<p dir=\"ltr\"><a href=\"http:\/\/windows.microsoft.com\/pt-PT\/windows-vista\/Block-or-allow-cookies\" target=\"_blank\" rel=\"noopener\">http:\/\/windows.microsoft.com\/pt-PT\/windows-vista\/Block-or-allow-cookies<\/a><\/p>\n<p dir=\"ltr\"><strong>Mozilla Firefox<\/strong><\/p>\n<p dir=\"ltr\">1) Clique no menu \u201cFerramentas\u201d;<\/p>\n<p dir=\"ltr\">2) Seleccione \u201cOp\u00e7\u00f5es\u201d;<\/p>\n<p dir=\"ltr\">3) Clique no \u00edcone \u201cPrivacidade\u201d, que encontra no painel superior;<\/p>\n<p dir=\"ltr\">4) Na sec\u00e7\u00e3o \u201cCookies\u201d desactive a op\u00e7\u00e3o \u201cAceitar cookies dos sites\u201d;<\/p>\n<p dir=\"ltr\">5) Clique em \u201cOK\u201d para guardar as altera\u00e7\u00f5es e fechar.<\/p>\n<p dir=\"ltr\"><a href=\"http:\/\/support.mozilla.org\/pt-PT\/kb\/Activar%20e%20Desactivar%20cookies?redirectlocale=en-US&amp;redirectslug=Enabling+and+disabling+cookies\" target=\"_blank\" rel=\"noopener\">http:\/\/support.mozilla.org\/pt-PT\/kb\/Activar%20e%20Desactivar%20cookies?redirectlocale=en-US&amp;redirectslug=Enabling+and+disabling+cookies<\/a><\/p>\n<p dir=\"ltr\"><strong>Google Chrome<\/strong><\/p>\n<p dir=\"ltr\">1) Clicar em \u201cPersonalizar e Controlar o Google Chrome\u201d;<\/p>\n<p dir=\"ltr\">2) Seleccionar op\u00e7\u00e3o \u201cFerramentas\u201d;<\/p>\n<p dir=\"ltr\">3) Clicar em \u201cLimpar dados de navega\u00e7\u00e3o\u201d;<\/p>\n<p dir=\"ltr\">4) Na caixa de selec\u00e7\u00e3o, \u201cLimpe os seguintes itens de:\u201d escolha a op\u00e7\u00e3o \u201cdesde sempre\u201d;<\/p>\n<p dir=\"ltr\">5) Seleccione as primeiras 4 op\u00e7\u00f5es e clique em \u201cLimpar dados de navega\u00e7\u00e3o\u201d.<\/p>\n<p dir=\"ltr\"><a href=\"http:\/\/support.google.com\/chrome\/bin\/answer.py?hl=pt&amp;answer=95647&amp;topic=14666&amp;ctx=topic\" target=\"_blank\" rel=\"noopener\">http:\/\/support.google.com\/chrome\/bin\/answer.py?hl=pt&amp;answer=95647&amp;topic=14666&amp;ctx=topic<\/a><\/p>\n<p dir=\"ltr\"><strong>Safari<\/strong><\/p>\n<p dir=\"ltr\">1) Clique em \u201cEditar\u201d;<\/p>\n<p dir=\"ltr\">2) Seleccione \u201cPrefer\u00eancias\u201d;<\/p>\n<p dir=\"ltr\">3) No painel superior, seleccione o \u00edcone \u201cSeguran\u00e7a\u201d;<\/p>\n<p dir=\"ltr\">4) Na sec\u00e7\u00e3o \u201cAceitar cookies\u201d , seleccione \u201cNunca\u201d.<\/p>\n<p dir=\"ltr\"><a href=\"http:\/\/support.apple.com\/kb\/HT1677?viewlocale=pt_PT\" target=\"_blank\" rel=\"noopener\">http:\/\/support.apple.com\/kb\/HT1677?viewlocale=pt_PT<\/a><\/p>\n<p>All About Cookies \u2013 http:\/\/www.allaboutcookies.org\/<\/p>\n","protected":false},"excerpt":{"rendered":"<p>Para saber o que s\u00e3o cookies e como s\u00e3o usados no nosso site, por favor, leia esta pol\u00edtica de cookies. Se quiser desactivar os cookies neste dispositivo, por favor, leia a informa\u00e7\u00e3o sobre \u201cComo gerir os cookies\u201d. Optando pela desactiva\u00e7\u00e3o, algumas partes do nosso site poder\u00e3o n\u00e3o funcionar correctamente. Pol\u00edtica de Cookies Os cookies s\u00e3o [&hellip;]<\/p>\n","protected":false},"author":1,"featured_media":0,"parent":0,"menu_order":0,"comment_status":"closed","ping_status":"closed","template":"","meta":{"footnotes":""},"class_list":["post-1043","page","type-page","status-publish","hentry"],"_links":{"self":[{"href":"https:\/\/vitalitycap.pt\/site\/wp-json\/wp\/v2\/pages\/1043","targetHints":{"allow":["GET"]}}],"collection":[{"href":"https:\/\/vitalitycap.pt\/site\/wp-json\/wp\/v2\/pages"}],"about":[{"href":"https:\/\/vitalitycap.pt\/site\/wp-json\/wp\/v2\/types\/page"}],"author":[{"embeddable":true,"href":"https:\/\/vitalitycap.pt\/site\/wp-json\/wp\/v2\/users\/1"}],"replies":[{"embeddable":true,"href":"https:\/\/vitalitycap.pt\/site\/wp-json\/wp\/v2\/comments?post=1043"}],"version-history":[{"count":2,"href":"https:\/\/vitalitycap.pt\/site\/wp-json\/wp\/v2\/pages\/1043\/revisions"}],"predecessor-version":[{"id":1045,"href":"https:\/\/vitalitycap.pt\/site\/wp-json\/wp\/v2\/pages\/1043\/revisions\/1045"}],"wp:attachment":[{"href":"https:\/\/vitalitycap.pt\/site\/wp-json\/wp\/v2\/media?parent=1043"}],"curies":[{"name":"wp","href":"https:\/\/api.w.org\/{rel}","templated":true}]}}